{"id":344,"date":"2024-12-03T10:09:16","date_gmt":"2024-12-03T10:09:16","guid":{"rendered":"https:\/\/sayrol.com\/avis-legal\/"},"modified":"2025-04-16T17:17:48","modified_gmt":"2025-04-16T17:17:48","slug":"avis-legal","status":"publish","type":"page","link":"https:\/\/sayrol.com\/ca\/avis-legal\/","title":{"rendered":"Av\u00eds Legal"},"content":{"rendered":"\t\t<div data-elementor-type=\"wp-page\" data-elementor-id=\"344\" class=\"elementor elementor-344 elementor-153\" data-elementor-post-type=\"page\">\n\t\t\t\t\t\t<section class=\"elementor-section elementor-top-section elementor-element elementor-element-84d96c2 elementor-section-height-min-height elementor-section-boxed elementor-section-height-default elementor-section-items-middle\" data-id=\"84d96c2\" data-element_type=\"section\" data-settings=\"{&quot;background_background&quot;:&quot;classic&quot;}\">\n\t\t\t\t\t\t\t<div class=\"elementor-background-overlay\"><\/div>\n\t\t\t\t\t\t\t<div class=\"elementor-container elementor-column-gap-default\">\n\t\t\t\t\t<div class=\"elementor-column elementor-col-100 elementor-top-column elementor-element elementor-element-37f2302\" data-id=\"37f2302\" data-element_type=\"column\">\n\t\t\t<div class=\"elementor-widget-wrap elementor-element-populated\">\n\t\t\t\t\t\t<div class=\"elementor-element elementor-element-2b8253f elementor-widget elementor-widget-heading\" data-id=\"2b8253f\" data-element_type=\"widget\" data-widget_type=\"heading.default\">\n\t\t\t\t<div class=\"elementor-widget-container\">\n\t\t\t\t\t<h1 class=\"elementor-heading-title elementor-size-default\">Av\u00eds Legal<\/h1>\t\t\t\t<\/div>\n\t\t\t\t<\/div>\n\t\t\t\t\t<\/div>\n\t\t<\/div>\n\t\t\t\t\t<\/div>\n\t\t<\/section>\n\t\t\t\t<section class=\"elementor-section elementor-top-section elementor-element elementor-element-bf05f86 elementor-section-boxed elementor-section-height-default elementor-section-height-default\" data-id=\"bf05f86\" data-element_type=\"section\">\n\t\t\t\t\t\t<div class=\"elementor-container elementor-column-gap-default\">\n\t\t\t\t\t<div class=\"elementor-column elementor-col-100 elementor-top-column elementor-element elementor-element-0583d9f\" data-id=\"0583d9f\" data-element_type=\"column\">\n\t\t\t<div class=\"elementor-widget-wrap elementor-element-populated\">\n\t\t\t\t\t\t<div class=\"elementor-element elementor-element-0986730 elementor-widget elementor-widget-text-editor\" data-id=\"0986730\" data-element_type=\"widget\" data-widget_type=\"text-editor.default\">\n\t\t\t\t<div class=\"elementor-widget-container\">\n\t\t\t\t\t\t\t\t\t<p><strong><u>Informaci\u00f3 de la p\u00e0gina web i dades de contacte<\/u><\/strong><br> Aquesta p\u00e0gina web \u00e9s propietat de Josep Maria Sayrol Clols, amb domicili situat al Carrer Sant Agust\u00ed, n\u00fam. 5 i amb DNI 37739696P. Podeu posar-vos en contacte amb nosaltres trucant al n\u00famero 932123150. <\/p><p><u>Protecci\u00f3 de continguts<\/u><br> Els textos continguts a la present p\u00e0gina Web s\u00f3n propietat de Josep Maria Sayrol Clols i estan protegits per la legislaci\u00f3 vigent en mat\u00e8ria de Propietat intel\u00b7lectual. El mer \u00fas o acc\u00e9s al contingut en cap cas no li atorga dret sobre aquest contingut. <\/p><p><u>Comunicacions<\/u><br> Qualsevol comunicaci\u00f3 que es remeti quedar\u00e0 guardada al nostre sistema. La informaci\u00f3 ser\u00e0 utilitzada \u00fanicament per atendre la vostra sol\u00b7licitud i oferir el servei requerit.<br> En qualsevol moment podreu exercir els drets d&#8217;acc\u00e9s, rectificaci\u00f3, oposici\u00f3 i, si escau, cancel\u00b7laci\u00f3, comunicant-ho per escrit amb indicaci\u00f3 de les vostres dades a Josep Maria Sayrol Clols, al domicili al carrer Sant Agust\u00ed, n\u00fam. 5, 08012 de Barcelona. <\/p><p><u>Continguts de la web i enlla\u00e7os<\/u><br> Josep Maria Sayrol Clols es reserva la facultat de canviar, modificar o eliminar en qualsevol moment la informaci\u00f3 de la p\u00e0gina web. El lloc web no assumeix cap responsabilitat derivada dels continguts aliens ni de les mesures de seguretat adoptades daltres p\u00e0gines web que saccedisquen a trav\u00e9s daquest lloc web. L&#8217;usuari accedeix sota la responsabilitat exclusiva.<br> Josep Maria Sayrol pot oferir continguts d&#8217;inter\u00e8s a l&#8217;usuari. Per aquest motiu, podreu fer \u00fas de diferents fonts p\u00fabliques. En cas que el contingut estigui visiblement protegit per copyright, es far\u00e0 refer\u00e8ncia en tot moment de la font. En cap cas, no es fa responsable de l&#8217;exactitud dels continguts, opinions o actualitzacions quan no siguin elaborats personalment.     <\/p><p><u>Exclusi\u00f3 de garanties i responsabilitat<\/u><br> No es garanteix la disponibilitat permanent dels productes oferts al Lloc Web. No obstant aix\u00f2, es faran esfor\u00e7os per garantir-ne el bon funcionament i servei.<br> L&#8217;\u00fas d&#8217;aquesta p\u00e0gina web es fa sota responsabilitat pr\u00f2pia de l&#8217;usuari. No es responsabilitza dels possibles danys derivats d&#8217;interfer\u00e8ncies, interrupcions, virus inform\u00e0tics, ni de qualsevol altra alteraci\u00f3 que es pugui produir al sistema inform\u00e0tic, documents o maquin\u00e0ria de l&#8217;usuari (Hardware i Software).  <br>De la mateixa manera, no es respondr\u00e0 pels danys causats per terceres persones mitjan\u00e7ant intromissions il\u00b7leg\u00edtimes fora del control. Tampoc no respondr\u00e0 dels danys i perjudicis causats per l&#8217;\u00fas o la mala utilitzaci\u00f3 del contingut de la web ni per les conseq\u00fc\u00e8ncies que puguin derivar-se dels errors, defectes i omissions en els continguts que puguin apar\u00e8ixer en aquesta p\u00e0gina proporcionats per tercers. <\/p>\t\t\t\t\t\t\t\t<\/div>\n\t\t\t\t<\/div>\n\t\t\t\t\t<\/div>\n\t\t<\/div>\n\t\t\t\t\t<\/div>\n\t\t<\/section>\n\t\t\t\t<\/div>\n\t\t","protected":false},"excerpt":{"rendered":"<p>Av\u00eds Legal Informaci\u00f3 de la p\u00e0gina web i dades de contacte Aquesta p\u00e0gina web \u00e9s propietat de Josep Maria Sayrol Clols, amb domicili situat al Carrer Sant Agust\u00ed, n\u00fam. 5 i amb DNI 37739696P. Podeu posar-vos en contacte amb nosaltres trucant al n\u00famero 932123150. Protecci\u00f3 de continguts Els textos continguts a la present p\u00e0gina Web [&hellip;]<\/p>\n","protected":false},"author":2,"featured_media":0,"parent":0,"menu_order":0,"comment_status":"closed","ping_status":"closed","template":"","meta":{"site-sidebar-layout":"no-sidebar","site-content-layout":"page-builder","ast-site-content-layout":"full-width-container","site-content-style":"default","site-sidebar-style":"default","ast-global-header-display":"","ast-banner-title-visibility":"","ast-main-header-display":"","ast-hfb-above-header-display":"","ast-hfb-below-header-display":"","ast-hfb-mobile-header-display":"","site-post-title":"disabled","ast-breadcrumbs-content":"","ast-featured-img":"disabled","footer-sml-layout":"","theme-transparent-header-meta":"default","adv-header-id-meta":"","stick-header-meta":"default","header-above-stick-meta":"","header-main-stick-meta":"","header-below-stick-meta":"","astra-migrate-meta-layouts":"default","ast-page-background-enabled":"default","ast-page-background-meta":{"desktop":{"background-color":"var(--ast-global-color-4)","background-image":"","background-repeat":"repeat","background-position":"center center","background-size":"auto","background-attachment":"scroll","background-type":"","background-media":"","overlay-type":"","overlay-color":"","overlay-opacity":"","overlay-gradient":""},"tablet":{"background-color":"","background-image":"","background-repeat":"repeat","background-position":"center center","background-size":"auto","background-attachment":"scroll","background-type":"","background-media":"","overlay-type":"","overlay-color":"","overlay-opacity":"","overlay-gradient":""},"mobile":{"background-color":"","background-image":"","background-repeat":"repeat","background-position":"center center","background-size":"auto","background-attachment":"scroll","background-type":"","background-media":"","overlay-type":"","overlay-color":"","overlay-opacity":"","overlay-gradient":""}},"ast-content-background-meta":{"desktop":{"background-color":"var(--ast-global-color-5)","background-image":"","background-repeat":"repeat","background-position":"center center","background-size":"auto","background-attachment":"scroll","background-type":"","background-media":"","overlay-type":"","overlay-color":"","overlay-opacity":"","overlay-gradient":""},"tablet":{"background-color":"var(--ast-global-color-5)","background-image":"","background-repeat":"repeat","background-position":"center center","background-size":"auto","background-attachment":"scroll","background-type":"","background-media":"","overlay-type":"","overlay-color":"","overlay-opacity":"","overlay-gradient":""},"mobile":{"background-color":"var(--ast-global-color-5)","background-image":"","background-repeat":"repeat","background-position":"center center","background-size":"auto","background-attachment":"scroll","background-type":"","background-media":"","overlay-type":"","overlay-color":"","overlay-opacity":"","overlay-gradient":""}},"footnotes":""},"class_list":["post-344","page","type-page","status-publish","hentry"],"_links":{"self":[{"href":"https:\/\/sayrol.com\/ca\/wp-json\/wp\/v2\/pages\/344","targetHints":{"allow":["GET"]}}],"collection":[{"href":"https:\/\/sayrol.com\/ca\/wp-json\/wp\/v2\/pages"}],"about":[{"href":"https:\/\/sayrol.com\/ca\/wp-json\/wp\/v2\/types\/page"}],"author":[{"embeddable":true,"href":"https:\/\/sayrol.com\/ca\/wp-json\/wp\/v2\/users\/2"}],"replies":[{"embeddable":true,"href":"https:\/\/sayrol.com\/ca\/wp-json\/wp\/v2\/comments?post=344"}],"version-history":[{"count":1,"href":"https:\/\/sayrol.com\/ca\/wp-json\/wp\/v2\/pages\/344\/revisions"}],"predecessor-version":[{"id":377,"href":"https:\/\/sayrol.com\/ca\/wp-json\/wp\/v2\/pages\/344\/revisions\/377"}],"wp:attachment":[{"href":"https:\/\/sayrol.com\/ca\/wp-json\/wp\/v2\/media?parent=344"}],"curies":[{"name":"wp","href":"https:\/\/api.w.org\/{rel}","templated":true}]}}