{"id":323,"date":"2024-12-03T09:38:19","date_gmt":"2024-12-03T09:38:19","guid":{"rendered":"https:\/\/sayrol.com\/sobre-nosaltres\/"},"modified":"2025-04-16T17:27:05","modified_gmt":"2025-04-16T17:27:05","slug":"sobre-nosaltres","status":"publish","type":"page","link":"https:\/\/sayrol.com\/ca\/sobre-nosaltres\/","title":{"rendered":"Sobre Nosaltres"},"content":{"rendered":"\t\t<div data-elementor-type=\"wp-page\" data-elementor-id=\"323\" class=\"elementor elementor-323 elementor-120\" data-elementor-post-type=\"page\">\n\t\t\t\t\t\t<section class=\"elementor-section elementor-top-section elementor-element elementor-element-84d96c2 elementor-section-height-min-height elementor-section-boxed elementor-section-height-default elementor-section-items-middle\" data-id=\"84d96c2\" data-element_type=\"section\" data-settings=\"{&quot;background_background&quot;:&quot;classic&quot;}\">\n\t\t\t\t\t\t\t<div class=\"elementor-background-overlay\"><\/div>\n\t\t\t\t\t\t\t<div class=\"elementor-container elementor-column-gap-default\">\n\t\t\t\t\t<div class=\"elementor-column elementor-col-100 elementor-top-column elementor-element elementor-element-37f2302\" data-id=\"37f2302\" data-element_type=\"column\">\n\t\t\t<div class=\"elementor-widget-wrap elementor-element-populated\">\n\t\t\t\t\t\t<div class=\"elementor-element elementor-element-2b8253f elementor-widget elementor-widget-heading\" data-id=\"2b8253f\" data-element_type=\"widget\" data-widget_type=\"heading.default\">\n\t\t\t\t<div class=\"elementor-widget-container\">\n\t\t\t\t\t<h1 class=\"elementor-heading-title elementor-size-default\">Sobre Nosaltres<br> SAYROL &amp; ASSOCIATS<\/h1>\t\t\t\t<\/div>\n\t\t\t\t<\/div>\n\t\t\t\t<section class=\"elementor-section elementor-inner-section elementor-element elementor-element-87ec436 elementor-section-boxed elementor-section-height-default elementor-section-height-default\" data-id=\"87ec436\" data-element_type=\"section\">\n\t\t\t\t\t\t<div class=\"elementor-container elementor-column-gap-default\">\n\t\t\t\t\t<div class=\"elementor-column elementor-col-100 elementor-inner-column elementor-element elementor-element-ae34037\" data-id=\"ae34037\" data-element_type=\"column\">\n\t\t\t<div class=\"elementor-widget-wrap elementor-element-populated\">\n\t\t\t\t\t\t<div class=\"elementor-element elementor-element-8c1dc86 elementor-widget elementor-widget-heading\" data-id=\"8c1dc86\" data-element_type=\"widget\" data-widget_type=\"heading.default\">\n\t\t\t\t<div class=\"elementor-widget-container\">\n\t\t\t\t\t<h2 class=\"elementor-heading-title elementor-size-default\">16 anys liderant solucions empresarials a Barcelona<\/h2>\t\t\t\t<\/div>\n\t\t\t\t<\/div>\n\t\t\t\t\t<\/div>\n\t\t<\/div>\n\t\t\t\t\t<\/div>\n\t\t<\/section>\n\t\t\t\t\t<\/div>\n\t\t<\/div>\n\t\t\t\t\t<\/div>\n\t\t<\/section>\n\t\t\t\t<section class=\"elementor-section elementor-top-section elementor-element elementor-element-bf05f86 elementor-section-boxed elementor-section-height-default elementor-section-height-default\" data-id=\"bf05f86\" data-element_type=\"section\">\n\t\t\t\t\t\t<div class=\"elementor-container elementor-column-gap-default\">\n\t\t\t\t\t<div class=\"elementor-column elementor-col-50 elementor-top-column elementor-element elementor-element-8494f0c\" data-id=\"8494f0c\" data-element_type=\"column\">\n\t\t\t<div class=\"elementor-widget-wrap elementor-element-populated\">\n\t\t\t\t\t\t<div class=\"elementor-element elementor-element-7a0f109 elementor-widget elementor-widget-text-editor\" data-id=\"7a0f109\" data-element_type=\"widget\" data-widget_type=\"text-editor.default\">\n\t\t\t\t<div class=\"elementor-widget-container\">\n\t\t\t\t\t\t\t\t\t<p>A <strong>SAYROL &amp; ASSOCIATS<\/strong> som una assessoria i consultoria empresarial amb seu a Barcelona, \u200b\u200bdedicada a oferir solucions integrals i personalitzades per a petites i mitjanes empreses, aut\u00f2noms, fundacions i comunitats de b\u00e9ns. Durant m\u00e9s de 16 anys, hem treballat amb comprom\u00eds i professionalitat, ajudant els nostres clients a gestionar els seus negocis amb efici\u00e8ncia ia superar els reptes administratius, fiscals, laborals i jur\u00eddics. <\/p>\t\t\t\t\t\t\t\t<\/div>\n\t\t\t\t<\/div>\n\t\t\t\t\t<\/div>\n\t\t<\/div>\n\t\t\t\t<div class=\"elementor-column elementor-col-50 elementor-top-column elementor-element elementor-element-c2e6e6f\" data-id=\"c2e6e6f\" data-element_type=\"column\">\n\t\t\t<div class=\"elementor-widget-wrap\">\n\t\t\t\t\t\t\t<\/div>\n\t\t<\/div>\n\t\t\t\t\t<\/div>\n\t\t<\/section>\n\t\t\t\t<section class=\"elementor-section elementor-top-section elementor-element elementor-element-8ef62d1 elementor-section-boxed elementor-section-height-default elementor-section-height-default\" data-id=\"8ef62d1\" data-element_type=\"section\">\n\t\t\t\t\t\t<div class=\"elementor-container elementor-column-gap-default\">\n\t\t\t\t\t<div class=\"elementor-column elementor-col-100 elementor-top-column elementor-element elementor-element-772b6e7\" data-id=\"772b6e7\" data-element_type=\"column\">\n\t\t\t<div class=\"elementor-widget-wrap elementor-element-populated\">\n\t\t\t\t\t\t<section class=\"elementor-section elementor-inner-section elementor-element elementor-element-0af607c elementor-section-full_width elementor-section-height-default elementor-section-height-default\" data-id=\"0af607c\" data-element_type=\"section\">\n\t\t\t\t\t\t<div class=\"elementor-container elementor-column-gap-default\">\n\t\t\t\t\t<div class=\"elementor-column elementor-col-50 elementor-inner-column elementor-element elementor-element-01154eb\" data-id=\"01154eb\" data-element_type=\"column\">\n\t\t\t<div class=\"elementor-widget-wrap elementor-element-populated\">\n\t\t\t\t\t\t<div class=\"elementor-element elementor-element-1af1c2f elementor-widget elementor-widget-heading\" data-id=\"1af1c2f\" data-element_type=\"widget\" data-widget_type=\"heading.default\">\n\t\t\t\t<div class=\"elementor-widget-container\">\n\t\t\t\t\t<h2 class=\"elementor-heading-title elementor-size-default\">La nostra Filosofia\n<\/h2>\t\t\t\t<\/div>\n\t\t\t\t<\/div>\n\t\t\t\t<div class=\"elementor-element elementor-element-c9d95a6 elementor-widget elementor-widget-text-editor\" data-id=\"c9d95a6\" data-element_type=\"widget\" data-widget_type=\"text-editor.default\">\n\t\t\t\t<div class=\"elementor-widget-container\">\n\t\t\t\t\t\t\t\t\t<p>Creiem que la clau de l&#8217;\u00e8xit empresarial rau en una gesti\u00f3 eficient i la presa de decisions informades. Per aix\u00f2, el nostre enfocament es basa en: <\/p><ul><li><strong>Atenci\u00f3 personalitzada:<\/strong> Cada client \u00e9s \u00fanic, i adaptem les nostres estrat\u00e8gies a les vostres necessitats espec\u00edfiques.<\/li><li><strong>Rigor professional:<\/strong> Ens assegurem de complir les normatives vigents i oferir solucions actualitzades.<\/li><li><strong>Proximitat i confian\u00e7a:<\/strong> Constru\u00efm relacions duradores amb els nostres clients basades en la transpar\u00e8ncia i el comprom\u00eds.<\/li><\/ul>\t\t\t\t\t\t\t\t<\/div>\n\t\t\t\t<\/div>\n\t\t\t\t\t<\/div>\n\t\t<\/div>\n\t\t\t\t<div class=\"elementor-column elementor-col-50 elementor-inner-column elementor-element elementor-element-68419d0\" data-id=\"68419d0\" data-element_type=\"column\">\n\t\t\t<div class=\"elementor-widget-wrap elementor-element-populated\">\n\t\t\t\t\t\t<div class=\"elementor-element elementor-element-3b05cd6 elementor-widget elementor-widget-heading\" data-id=\"3b05cd6\" data-element_type=\"widget\" data-widget_type=\"heading.default\">\n\t\t\t\t<div class=\"elementor-widget-container\">\n\t\t\t\t\t<h2 class=\"elementor-heading-title elementor-size-default\">Qu\u00e8 ens fa diferents?\n<\/h2>\t\t\t\t<\/div>\n\t\t\t\t<\/div>\n\t\t\t\t<div class=\"elementor-element elementor-element-bf827f1 elementor-widget elementor-widget-text-editor\" data-id=\"bf827f1\" data-element_type=\"widget\" data-widget_type=\"text-editor.default\">\n\t\t\t\t<div class=\"elementor-widget-container\">\n\t\t\t\t\t\t\t\t\t<ul><li><strong>Experi\u00e8ncia contrastada:<\/strong> M\u00e9s de 16 anys resolent les necessitats dels nostres clients.<\/li><li><strong>Equip multidisciplinari:<\/strong> Comptem amb experts en assessoria fiscal, laboral, societ\u00e0ria i jur\u00eddica.<\/li><li><strong>Comprom\u00eds amb l&#8217;excel\u00b7l\u00e8ncia:<\/strong> El nostre objectiu \u00e9s simplificar la gesti\u00f3 empresarial perqu\u00e8 els nostres clients puguin centrar-se en all\u00f2 que realment importa: fer cr\u00e9ixer el negoci.<\/li><li><strong>Innovaci\u00f3 i tecnologia:<\/strong> Recomanem el programari m\u00e9s adequat per optimitzar la comptabilitat, la conciliaci\u00f3 banc\u00e0ria i altres processos administratius.<\/li><\/ul>\t\t\t\t\t\t\t\t<\/div>\n\t\t\t\t<\/div>\n\t\t\t\t\t<\/div>\n\t\t<\/div>\n\t\t\t\t\t<\/div>\n\t\t<\/section>\n\t\t\t\t\t<\/div>\n\t\t<\/div>\n\t\t\t\t\t<\/div>\n\t\t<\/section>\n\t\t\t\t<section class=\"elementor-section elementor-top-section elementor-element elementor-element-612a539 elementor-section-height-min-height elementor-section-boxed elementor-section-height-default elementor-section-items-middle\" data-id=\"612a539\" data-element_type=\"section\" data-settings=\"{&quot;background_background&quot;:&quot;classic&quot;}\">\n\t\t\t\t\t\t<div class=\"elementor-container elementor-column-gap-default\">\n\t\t\t\t\t<div class=\"elementor-column elementor-col-50 elementor-top-column elementor-element elementor-element-1234b4c\" data-id=\"1234b4c\" data-element_type=\"column\">\n\t\t\t<div class=\"elementor-widget-wrap elementor-element-populated\">\n\t\t\t\t\t\t<div class=\"elementor-element elementor-element-0f8418f elementor-widget elementor-widget-heading\" data-id=\"0f8418f\" data-element_type=\"widget\" data-widget_type=\"heading.default\">\n\t\t\t\t<div class=\"elementor-widget-container\">\n\t\t\t\t\t<h2 class=\"elementor-heading-title elementor-size-default\">El nostre Equip<\/h2>\t\t\t\t<\/div>\n\t\t\t\t<\/div>\n\t\t\t\t<div class=\"elementor-element elementor-element-a5e91d8 noMarginBottom elementor-widget elementor-widget-text-editor\" data-id=\"a5e91d8\" data-element_type=\"widget\" data-widget_type=\"text-editor.default\">\n\t\t\t\t<div class=\"elementor-widget-container\">\n\t\t\t\t\t\t\t\t\t<p>Som un equip de professionals compromesos amb l\u00e8xit de la seva empresa. Amb formaci\u00f3 especialitzada i una \u00e0mplia traject\u00f2ria en assessoria i consultoria, som aqu\u00ed per resoldre tots els dubtes i reptes que puguin sorgir a l&#8217;\u00e0mbit empresarial. Des de la planificaci\u00f3 fiscal fins a la creaci\u00f3 de societats, treballem perqu\u00e8 el seu negoci funcioni de manera eficient i compleixi totes les seves obligacions legals.  <\/p>\t\t\t\t\t\t\t\t<\/div>\n\t\t\t\t<\/div>\n\t\t\t\t<div class=\"elementor-element elementor-element-2cdab40 elementor-widget elementor-widget-button\" data-id=\"2cdab40\" data-element_type=\"widget\" data-widget_type=\"button.default\">\n\t\t\t\t<div class=\"elementor-widget-container\">\n\t\t\t\t\t\t\t\t\t<div class=\"elementor-button-wrapper\">\n\t\t\t\t\t<a class=\"elementor-button elementor-button-link elementor-size-sm\" href=\"https:\/\/sayrol.com\/ca\/contacte\/\">\n\t\t\t\t\t\t<span class=\"elementor-button-content-wrapper\">\n\t\t\t\t\t\t\t\t\t<span class=\"elementor-button-text\">Contacti'ns ara<\/span>\n\t\t\t\t\t<\/span>\n\t\t\t\t\t<\/a>\n\t\t\t\t<\/div>\n\t\t\t\t\t\t\t\t<\/div>\n\t\t\t\t<\/div>\n\t\t\t\t\t<\/div>\n\t\t<\/div>\n\t\t\t\t<div class=\"elementor-column elementor-col-50 elementor-top-column elementor-element elementor-element-222eabe\" data-id=\"222eabe\" data-element_type=\"column\">\n\t\t\t<div class=\"elementor-widget-wrap\">\n\t\t\t\t\t\t\t<\/div>\n\t\t<\/div>\n\t\t\t\t\t<\/div>\n\t\t<\/section>\n\t\t\t\t<section class=\"elementor-section elementor-top-section elementor-element elementor-element-8aa2191 elementor-section-boxed elementor-section-height-default elementor-section-height-default\" data-id=\"8aa2191\" data-element_type=\"section\">\n\t\t\t\t\t\t<div class=\"elementor-container elementor-column-gap-default\">\n\t\t\t\t\t<div class=\"elementor-column elementor-col-50 elementor-top-column elementor-element elementor-element-f4266c1\" data-id=\"f4266c1\" data-element_type=\"column\">\n\t\t\t<div class=\"elementor-widget-wrap elementor-element-populated\">\n\t\t\t\t\t\t<div class=\"elementor-element elementor-element-014462f elementor-widget elementor-widget-heading\" data-id=\"014462f\" data-element_type=\"widget\" data-widget_type=\"heading.default\">\n\t\t\t\t<div class=\"elementor-widget-container\">\n\t\t\t\t\t<h2 class=\"elementor-heading-title elementor-size-default\">El nostre Comprom\u00eds<\/h2>\t\t\t\t<\/div>\n\t\t\t\t<\/div>\n\t\t\t\t<div class=\"elementor-element elementor-element-4d20df7 noMarginBottom elementor-widget elementor-widget-text-editor\" data-id=\"4d20df7\" data-element_type=\"widget\" data-widget_type=\"text-editor.default\">\n\t\t\t\t<div class=\"elementor-widget-container\">\n\t\t\t\t\t\t\t\t\t<p>A <strong>SAYROL &amp; ASSOCIATS<\/strong> entenem que la bona gesti\u00f3 empresarial \u00e9s fonamental per assolir l&#8217;\u00e8xit. Per aix\u00f2, posem a la vostra disposici\u00f3 la nostra experi\u00e8ncia, coneixements i eines per garantir que la vostra empresa estigui a les millors mans. El nostre comprom\u00eds \u00e9s ser un soci estrat\u00e8gic que l&#8217;ajudi a cr\u00e9ixer, a reduir riscos ia assolir els seus objectius amb confian\u00e7a i tranquil\u00b7litat.  <\/p>\t\t\t\t\t\t\t\t<\/div>\n\t\t\t\t<\/div>\n\t\t\t\t<div class=\"elementor-element elementor-element-02f3667 elementor-widget elementor-widget-text-editor\" data-id=\"02f3667\" data-element_type=\"widget\" data-widget_type=\"text-editor.default\">\n\t\t\t\t<div class=\"elementor-widget-container\">\n\t\t\t\t\t\t\t\t\t<ul><li><strong>Experi\u00e8ncia<\/strong> : M\u00e9s de 16 anys ajudant a particulars i empreses.<\/li><li><strong>Atenci\u00f3 personalitzada<\/strong> : Adaptem els nostres serveis a les teves necessitats espec\u00edfiques.<\/li><li><strong>Rapidesa i efici\u00e8ncia<\/strong> : Resolem els teus tr\u00e0mits en el menor temps possible.<\/li><li><strong>Tranquil\u00b7litat<\/strong> : Ens encarreguem de tot perqu\u00e8 tu nom\u00e9s hagis de preocupar-te per gaudir.<\/li><\/ul>\t\t\t\t\t\t\t\t<\/div>\n\t\t\t\t<\/div>\n\t\t\t\t<div class=\"elementor-element elementor-element-7e15286 elementor-widget elementor-widget-button\" data-id=\"7e15286\" data-element_type=\"widget\" data-widget_type=\"button.default\">\n\t\t\t\t<div class=\"elementor-widget-container\">\n\t\t\t\t\t\t\t\t\t<div class=\"elementor-button-wrapper\">\n\t\t\t\t\t<a class=\"elementor-button elementor-button-link elementor-size-sm\" href=\"https:\/\/sayrol.com\/ca\/contacte\/\">\n\t\t\t\t\t\t<span class=\"elementor-button-content-wrapper\">\n\t\t\t\t\t\t\t\t\t<span class=\"elementor-button-text\">Contacti'ns ara<\/span>\n\t\t\t\t\t<\/span>\n\t\t\t\t\t<\/a>\n\t\t\t\t<\/div>\n\t\t\t\t\t\t\t\t<\/div>\n\t\t\t\t<\/div>\n\t\t\t\t\t<\/div>\n\t\t<\/div>\n\t\t\t\t<div class=\"elementor-column elementor-col-50 elementor-top-column elementor-element elementor-element-aafa773\" data-id=\"aafa773\" data-element_type=\"column\">\n\t\t\t<div class=\"elementor-widget-wrap\">\n\t\t\t\t\t\t\t<\/div>\n\t\t<\/div>\n\t\t\t\t\t<\/div>\n\t\t<\/section>\n\t\t\t\t<\/div>\n\t\t","protected":false},"excerpt":{"rendered":"<p>Sobre Nosaltres SAYROL &amp; ASSOCIATS 16 anys liderant solucions empresarials a Barcelona A SAYROL &amp; ASSOCIATS som una assessoria i consultoria empresarial amb seu a Barcelona, \u200b\u200bdedicada a oferir solucions integrals i personalitzades per a petites i mitjanes empreses, aut\u00f2noms, fundacions i comunitats de b\u00e9ns. Durant m\u00e9s de 16 anys, hem treballat amb comprom\u00eds i [&hellip;]<\/p>\n","protected":false},"author":2,"featured_media":0,"parent":0,"menu_order":0,"comment_status":"closed","ping_status":"closed","template":"","meta":{"site-sidebar-layout":"no-sidebar","site-content-layout":"page-builder","ast-site-content-layout":"full-width-container","site-content-style":"default","site-sidebar-style":"default","ast-global-header-display":"","ast-banner-title-visibility":"","ast-main-header-display":"","ast-hfb-above-header-display":"","ast-hfb-below-header-display":"","ast-hfb-mobile-header-display":"","site-post-title":"disabled","ast-breadcrumbs-content":"","ast-featured-img":"disabled","footer-sml-layout":"","theme-transparent-header-meta":"default","adv-header-id-meta":"","stick-header-meta":"default","header-above-stick-meta":"","header-main-stick-meta":"","header-below-stick-meta":"","astra-migrate-meta-layouts":"default","ast-page-background-enabled":"default","ast-page-background-meta":{"desktop":{"background-color":"var(--ast-global-color-4)","background-image":"","background-repeat":"repeat","background-position":"center center","background-size":"auto","background-attachment":"scroll","background-type":"","background-media":"","overlay-type":"","overlay-color":"","overlay-opacity":"","overlay-gradient":""},"tablet":{"background-color":"","background-image":"","background-repeat":"repeat","background-position":"center center","background-size":"auto","background-attachment":"scroll","background-type":"","background-media":"","overlay-type":"","overlay-color":"","overlay-opacity":"","overlay-gradient":""},"mobile":{"background-color":"","background-image":"","background-repeat":"repeat","background-position":"center center","background-size":"auto","background-attachment":"scroll","background-type":"","background-media":"","overlay-type":"","overlay-color":"","overlay-opacity":"","overlay-gradient":""}},"ast-content-background-meta":{"desktop":{"background-color":"var(--ast-global-color-5)","background-image":"","background-repeat":"repeat","background-position":"center center","background-size":"auto","background-attachment":"scroll","background-type":"","background-media":"","overlay-type":"","overlay-color":"","overlay-opacity":"","overlay-gradient":""},"tablet":{"background-color":"var(--ast-global-color-5)","background-image":"","background-repeat":"repeat","background-position":"center center","background-size":"auto","background-attachment":"scroll","background-type":"","background-media":"","overlay-type":"","overlay-color":"","overlay-opacity":"","overlay-gradient":""},"mobile":{"background-color":"var(--ast-global-color-5)","background-image":"","background-repeat":"repeat","background-position":"center center","background-size":"auto","background-attachment":"scroll","background-type":"","background-media":"","overlay-type":"","overlay-color":"","overlay-opacity":"","overlay-gradient":""}},"footnotes":""},"class_list":["post-323","page","type-page","status-publish","hentry"],"_links":{"self":[{"href":"https:\/\/sayrol.com\/ca\/wp-json\/wp\/v2\/pages\/323","targetHints":{"allow":["GET"]}}],"collection":[{"href":"https:\/\/sayrol.com\/ca\/wp-json\/wp\/v2\/pages"}],"about":[{"href":"https:\/\/sayrol.com\/ca\/wp-json\/wp\/v2\/types\/page"}],"author":[{"embeddable":true,"href":"https:\/\/sayrol.com\/ca\/wp-json\/wp\/v2\/users\/2"}],"replies":[{"embeddable":true,"href":"https:\/\/sayrol.com\/ca\/wp-json\/wp\/v2\/comments?post=323"}],"version-history":[{"count":2,"href":"https:\/\/sayrol.com\/ca\/wp-json\/wp\/v2\/pages\/323\/revisions"}],"predecessor-version":[{"id":385,"href":"https:\/\/sayrol.com\/ca\/wp-json\/wp\/v2\/pages\/323\/revisions\/385"}],"wp:attachment":[{"href":"https:\/\/sayrol.com\/ca\/wp-json\/wp\/v2\/media?parent=323"}],"curies":[{"name":"wp","href":"https:\/\/api.w.org\/{rel}","templated":true}]}}